{"id":468,"date":"2022-06-15T16:00:00","date_gmt":"2022-06-15T14:00:00","guid":{"rendered":"https:\/\/cavernejazz.club\/?page_id=468"},"modified":"2026-04-21T14:16:37","modified_gmt":"2026-04-21T12:16:37","slug":"menu-caverne-du-jour","status":"publish","type":"page","link":"https:\/\/cavernejazz.club\/index.php\/menu-caverne-du-jour\/","title":{"rendered":"MENU VENDREDI 13 MARS"},"content":{"rendered":"\n<div class=\"wp-block-media-text has-media-on-the-right is-stacked-on-mobile has-black-color has-luminous-vivid-orange-background-color has-text-color has-background has-link-color wp-elements-00f311b0db943003869835e369a49b4d\" style=\"grid-template-columns:auto 43%\"><div class=\"wp-block-media-text__content\">\n<p>COCKTAIL DU JOUR<strong> : LE MATCHA KICK<\/strong><\/p>\n\n\n\n<ul class=\"wp-block-list has-black-color has-text-color has-link-color has-small-font-size wp-elements-4b5eb587c46850835c06c3383b277085\">\n<li>4 cl gin (ou vodka si tu veux plus neutre) 2 cl sirop matcha noir \u2013 gingembre &#8211; 2 cl jus de citron vert &#8211; 1 cl Cointreau ou triple sec &#8211; eau gazeuse &#8211; glace<\/li>\n<\/ul>\n<\/div><figure class=\"wp-block-media-text__media\"><\/figure><\/div>\n\n\n\n<div class=\"wp-block-columns alignfull has-luminous-vivid-orange-background-color has-background is-layout-flex wp-container-core-columns-is-layout-9d6595d7 wp-block-columns-is-layout-flex\">\n<div class=\"wp-block-column is-layout-flow wp-block-column-is-layout-flow\">\n<div class=\"wp-block-columns alignwide is-layout-flex wp-container-core-columns-is-layout-829b1d53 wp-block-columns-is-layout-flex\" style=\"margin-bottom:0\">\n<div class=\"wp-block-column has-text-color has-background has-link-color wp-elements-34102f7dc3c36be0d3036a5dba05f8c8 is-layout-flow wp-block-column-is-layout-flow\" style=\"color:#000000;background-color:#ffe97d;padding-top:2em;padding-right:2em;padding-bottom:2em;padding-left:2em\">\n<h2 class=\"wp-block-heading has-text-align-center\" id=\"single\" style=\"font-size:40px\"><strong>V\u00e9g\u00e9<\/strong><\/h2>\n\n\n\n<hr class=\"wp-block-separator has-alpha-channel-opacity\"\/>\n\n\n\n<p class=\"has-text-align-center\">Cr\u00e8me de poivron au piment, carottes glac\u00e9es, chou-fleur r\u00f4ti, copeausx de parmesans, espuma aux \u00e9pices <\/p>\n\n\n\n<div class=\"wp-block-buttons alignfull is-horizontal is-content-justification-center is-layout-flex wp-container-core-buttons-is-layout-499968f5 wp-block-buttons-is-layout-flex\">\n<div class=\"wp-block-button has-custom-width wp-block-button__width-100\"><a class=\"wp-block-button__link has-white-color has-text-color has-background no-border-radius wp-element-button\" style=\"background-color:#000000\">20 \u20ac<\/a><\/div>\n<\/div>\n\n\n\n<figure class=\"wp-block-image size-large wp-duotone-000000-fffd6e-1\"><img loading=\"lazy\" decoding=\"async\" width=\"683\" height=\"1024\" src=\"https:\/\/cavernejazz.club\/wp-content\/uploads\/2026\/01\/ChatGPT-Image-27-janv.-2026-19_08_32-683x1024.png\" alt=\"\" class=\"wp-image-2869\" srcset=\"https:\/\/cavernejazz.club\/wp-content\/uploads\/2026\/01\/ChatGPT-Image-27-janv.-2026-19_08_32-683x1024.png 683w, https:\/\/cavernejazz.club\/wp-content\/uploads\/2026\/01\/ChatGPT-Image-27-janv.-2026-19_08_32-200x300.png 200w, https:\/\/cavernejazz.club\/wp-content\/uploads\/2026\/01\/ChatGPT-Image-27-janv.-2026-19_08_32-768x1152.png 768w, https:\/\/cavernejazz.club\/wp-content\/uploads\/2026\/01\/ChatGPT-Image-27-janv.-2026-19_08_32.png 1024w\" sizes=\"auto, (max-width: 683px) 100vw, 683px\" \/><\/figure>\n<\/div>\n\n\n\n<div class=\"wp-block-column has-text-color has-background has-link-color wp-elements-5e21effd09bc95e2ba879471cd7d668f is-layout-flow wp-block-column-is-layout-flow\" style=\"color:#000000;background-color:#d1d1e1;padding-top:2em;padding-right:2em;padding-bottom:2em;padding-left:2em\">\n<h2 class=\"wp-block-heading has-text-align-center\" id=\"family\" style=\"font-size:40px\"><strong>Mer<\/strong><\/h2>\n\n\n\n<hr class=\"wp-block-separator has-alpha-channel-opacity\"\/>\n\n\n\n<p>Fritto Misto, salade et citron (gambas, calamars frais, rougets et petits poissons frits)<\/p>\n\n\n\n<div class=\"wp-block-buttons alignfull is-horizontal is-content-justification-center is-layout-flex wp-container-core-buttons-is-layout-499968f5 wp-block-buttons-is-layout-flex\">\n<div class=\"wp-block-button has-custom-width wp-block-button__width-100 is-style-fill\"><a class=\"wp-block-button__link has-white-color has-text-color has-background no-border-radius wp-element-button\" style=\"background-color:#000000\">26 \u20ac<\/a><\/div>\n<\/div>\n\n\n\n<figure class=\"wp-block-image size-large wp-duotone-000000-d9d6dc-2\"><img loading=\"lazy\" decoding=\"async\" width=\"683\" height=\"1024\" src=\"https:\/\/cavernejazz.club\/wp-content\/uploads\/2026\/01\/ChatGPT-Image-27-janv.-2026-19_11_56-683x1024.png\" alt=\"\" class=\"wp-image-2870\" srcset=\"https:\/\/cavernejazz.club\/wp-content\/uploads\/2026\/01\/ChatGPT-Image-27-janv.-2026-19_11_56-683x1024.png 683w, https:\/\/cavernejazz.club\/wp-content\/uploads\/2026\/01\/ChatGPT-Image-27-janv.-2026-19_11_56-200x300.png 200w, https:\/\/cavernejazz.club\/wp-content\/uploads\/2026\/01\/ChatGPT-Image-27-janv.-2026-19_11_56-768x1152.png 768w, https:\/\/cavernejazz.club\/wp-content\/uploads\/2026\/01\/ChatGPT-Image-27-janv.-2026-19_11_56.png 1024w\" sizes=\"auto, (max-width: 683px) 100vw, 683px\" \/><\/figure>\n<\/div>\n\n\n\n<div class=\"wp-block-column has-text-color has-background has-link-color wp-elements-aaceb0ad8343c0ab58a2b552549a0529 is-layout-flow wp-block-column-is-layout-flow\" style=\"color:#000000;background-color:#c0ebf1;padding-top:2em;padding-right:2em;padding-bottom:2em;padding-left:2em\">\n<h2 class=\"wp-block-heading has-text-align-center\" id=\"patron\" style=\"font-size:40px\"><strong>Viande<\/strong><\/h2>\n\n\n\n<hr class=\"wp-block-separator has-alpha-channel-opacity\"\/>\n\n\n\n<p>Pr\u00e9gos bavette \/ frites maison \/ salade \/ l\u00e9gume r\u00f4ti<\/p>\n\n\n\n<div class=\"wp-block-buttons alignfull is-horizontal is-content-justification-center is-layout-flex wp-container-core-buttons-is-layout-499968f5 wp-block-buttons-is-layout-flex\">\n<div class=\"wp-block-button has-custom-width wp-block-button__width-100\"><a class=\"wp-block-button__link has-white-color has-text-color has-background no-border-radius wp-element-button\" style=\"background-color:#000000\">23 \u20ac<\/a><\/div>\n<\/div>\n\n\n\n<figure class=\"wp-block-image size-large is-style-default wp-duotone-000000-b4eeff-3\"><img loading=\"lazy\" decoding=\"async\" width=\"683\" height=\"1024\" src=\"https:\/\/cavernejazz.club\/wp-content\/uploads\/2026\/01\/ChatGPT-Image-27-janv.-2026-19_12_51-683x1024.png\" alt=\"\" class=\"wp-image-2871\" srcset=\"https:\/\/cavernejazz.club\/wp-content\/uploads\/2026\/01\/ChatGPT-Image-27-janv.-2026-19_12_51-683x1024.png 683w, https:\/\/cavernejazz.club\/wp-content\/uploads\/2026\/01\/ChatGPT-Image-27-janv.-2026-19_12_51-200x300.png 200w, https:\/\/cavernejazz.club\/wp-content\/uploads\/2026\/01\/ChatGPT-Image-27-janv.-2026-19_12_51-768x1152.png 768w, https:\/\/cavernejazz.club\/wp-content\/uploads\/2026\/01\/ChatGPT-Image-27-janv.-2026-19_12_51.png 1024w\" sizes=\"auto, (max-width: 683px) 100vw, 683px\" \/><\/figure>\n<\/div>\n\n\n\n<div class=\"wp-block-column has-pale-pink-background-color has-background has-medium-font-size is-layout-flow wp-block-column-is-layout-flow\" style=\"flex-basis:150px\">\n<div class=\"wp-block-columns is-layout-flex wp-container-core-columns-is-layout-9d6595d7 wp-block-columns-is-layout-flex\">\n<div class=\"wp-block-column is-layout-flow wp-block-column-is-layout-flow\" style=\"flex-basis:100%\">\n<div class=\"wp-block-group\"><div class=\"wp-block-group__inner-container is-layout-constrained wp-block-group-is-layout-constrained\">\n<h2 class=\"wp-block-heading has-text-align-center has-black-color has-text-color has-link-color wp-elements-a1145664fc4726da4e4895fbaec85522\"><strong>Dessert<\/strong><\/h2>\n\n\n\n<hr class=\"wp-block-separator has-alpha-channel-opacity\"\/>\n\n\n\n<ul class=\"wp-block-list has-small-font-size\">\n<li>Pomme confite au four \u00e0 la canelle mousse vanille et brisures de speculoos<\/li>\n\n\n\n<li>Coeurs coulant chocolat noir caramel beurre sal\u00e9 mousse vanille et noisettes caram\u00e9lis\u00e9es<br><\/li>\n<\/ul>\n<\/div><\/div>\n\n\n\n<div class=\"wp-block-buttons is-content-justification-center is-layout-flex wp-container-core-buttons-is-layout-16018d1d wp-block-buttons-is-layout-flex\">\n<div class=\"wp-block-button\"><a class=\"wp-block-button__link has-text-align-center wp-element-button\">7 \u20ac<\/a><\/div>\n<\/div>\n<\/div>\n<\/div>\n<\/div>\n<\/div>\n<\/div>\n<\/div>\n","protected":false},"excerpt":{"rendered":"<p>V\u00e9g\u00e9 Cr\u00e8me de poivron au piment, carottes glac\u00e9es, chou-fleur r\u00f4ti, copeausx de parmesans, espuma aux \u00e9pices Mer Fritto Misto, salade et citron (gambas, calamars frais, rougets et petits poissons frits) Viande Pr\u00e9gos bavette \/ frites maison \/ salade \/ l\u00e9gume r\u00f4ti Dessert<\/p>\n","protected":false},"author":3,"featured_media":0,"parent":0,"menu_order":0,"comment_status":"closed","ping_status":"closed","template":"","meta":{"footnotes":""},"class_list":{"0":"post-468","1":"page","2":"type-page","3":"status-publish","5":"entry"},"_links":{"self":[{"href":"https:\/\/cavernejazz.club\/index.php\/wp-json\/wp\/v2\/pages\/468","targetHints":{"allow":["GET"]}}],"collection":[{"href":"https:\/\/cavernejazz.club\/index.php\/wp-json\/wp\/v2\/pages"}],"about":[{"href":"https:\/\/cavernejazz.club\/index.php\/wp-json\/wp\/v2\/types\/page"}],"author":[{"embeddable":true,"href":"https:\/\/cavernejazz.club\/index.php\/wp-json\/wp\/v2\/users\/3"}],"replies":[{"embeddable":true,"href":"https:\/\/cavernejazz.club\/index.php\/wp-json\/wp\/v2\/comments?post=468"}],"version-history":[{"count":259,"href":"https:\/\/cavernejazz.club\/index.php\/wp-json\/wp\/v2\/pages\/468\/revisions"}],"predecessor-version":[{"id":3070,"href":"https:\/\/cavernejazz.club\/index.php\/wp-json\/wp\/v2\/pages\/468\/revisions\/3070"}],"wp:attachment":[{"href":"https:\/\/cavernejazz.club\/index.php\/wp-json\/wp\/v2\/media?parent=468"}],"curies":[{"name":"wp","href":"https:\/\/api.w.org\/{rel}","templated":true}]}}