{"id":2025,"date":"2024-12-15T21:47:12","date_gmt":"2024-12-15T20:47:12","guid":{"rendered":"https:\/\/cavernejazz.club\/?page_id=2025"},"modified":"2026-04-21T12:55:39","modified_gmt":"2026-04-21T10:55:39","slug":"pack-decouverte","status":"publish","type":"page","link":"https:\/\/cavernejazz.club\/index.php\/pack-decouverte\/","title":{"rendered":"PACK DECOUVERTE"},"content":{"rendered":"\n<h1 data-wp-context---core-fit-text=\"core\/fit-text::{&quot;fontSize&quot;:&quot;&quot;}\" data-wp-init---core-fit-text=\"core\/fit-text::callbacks.init\" data-wp-interactive data-wp-style--font-size=\"core\/fit-text::context.fontSize\" class=\"wp-block-heading has-text-align-center has-fit-text has-black-color has-luminous-vivid-orange-background-color has-text-color has-background has-link-color wp-elements-6c81ee4b576bb4a73cfd9d1d8abf59e5\"><strong>OFFRE PACK DECOUVERTE<br><\/strong>Sur un concert au choix tant qu&rsquo;il reste des places.<\/h1>\n\n\n\n<p class=\"has-text-align-left has-luminous-vivid-orange-background-color has-background\">Amateur de musique ou simplement curieux, une belle occasion de d\u00e9couvrir la Caverne ou de faire un cadeau&nbsp;: un concert avec cocktail de bienvenue et adh\u00e9sion offerte pour un an. <br>Il suffit juste de l&rsquo;activer en nous appelant ou en nous \u00e9crivant pour le concert de votre choix&nbsp;!<\/p>\n\n\n\n<p class=\"has-text-align-center has-luminous-vivid-orange-background-color has-background\">07 54 23 05 43<br><a href=\"mailto:information@cavernejazz.club\">information@cavernejazz.club<\/a><\/p>\n\n\n\n<div class=\"wp-block-columns is-layout-flex wp-container-core-columns-is-layout-9d6595d7 wp-block-columns-is-layout-flex\">\n<div class=\"wp-block-column is-layout-flow wp-block-column-is-layout-flow\">\n<iframe id=\"haWidget\" allowtransparency=\"true\" scrolling=\"auto\" src=\"https:\/\/www.helloasso.com\/associations\/la-caverne-jazz\/boutiques\/la-boutique-de-la-caverne\/widget\" style=\"width: 100%; height: 850px; border: none;\"><\/iframe>\n<\/div>\n<\/div>\n\n\n\n<p><\/p>\n","protected":false},"excerpt":{"rendered":"<p>OFFRE PACK DECOUVERTESur un concert au choix tant qu&rsquo;il reste des places. Amateur de musique ou simplement curieux, une belle occasion de d\u00e9couvrir la Caverne ou de faire un cadeau&nbsp;: un concert avec cocktail de bienvenue et adh\u00e9sion offerte pour un an. Il suffit juste de l&rsquo;activer en nous appelant ou en nous \u00e9crivant pour [&hellip;]<\/p>\n","protected":false},"author":1,"featured_media":0,"parent":0,"menu_order":0,"comment_status":"closed","ping_status":"closed","template":"","meta":{"footnotes":""},"class_list":{"0":"post-2025","1":"page","2":"type-page","3":"status-publish","5":"entry"},"_links":{"self":[{"href":"https:\/\/cavernejazz.club\/index.php\/wp-json\/wp\/v2\/pages\/2025","targetHints":{"allow":["GET"]}}],"collection":[{"href":"https:\/\/cavernejazz.club\/index.php\/wp-json\/wp\/v2\/pages"}],"about":[{"href":"https:\/\/cavernejazz.club\/index.php\/wp-json\/wp\/v2\/types\/page"}],"author":[{"embeddable":true,"href":"https:\/\/cavernejazz.club\/index.php\/wp-json\/wp\/v2\/users\/1"}],"replies":[{"embeddable":true,"href":"https:\/\/cavernejazz.club\/index.php\/wp-json\/wp\/v2\/comments?post=2025"}],"version-history":[{"count":29,"href":"https:\/\/cavernejazz.club\/index.php\/wp-json\/wp\/v2\/pages\/2025\/revisions"}],"predecessor-version":[{"id":3066,"href":"https:\/\/cavernejazz.club\/index.php\/wp-json\/wp\/v2\/pages\/2025\/revisions\/3066"}],"wp:attachment":[{"href":"https:\/\/cavernejazz.club\/index.php\/wp-json\/wp\/v2\/media?parent=2025"}],"curies":[{"name":"wp","href":"https:\/\/api.w.org\/{rel}","templated":true}]}}